{"id":53,"date":"2022-01-03T14:56:41","date_gmt":"2022-01-03T13:56:41","guid":{"rendered":"http:\/\/dofon.arena-it.dk\/?page_id=53"},"modified":"2022-01-03T14:56:41","modified_gmt":"2022-01-03T13:56:41","slug":"ansoegning","status":"publish","type":"page","link":"https:\/\/dofon.dk\/index.php\/ansoegning\/","title":{"rendered":"Ans\u00f8gning"},"content":{"rendered":"\n<p>I forbindelse med opfyldelse af de beskrevne form\u00e5l, kan fonden yde st\u00f8tte til etablering af boformer ud fra den m\u00e5ls\u00e6tning, at det enkelte menneske, uanset livssituation, skal bo og leve p\u00e5 en menneskev\u00e6rdig m\u00e5de og s\u00e5 vidt det overhovedet er muligt, p\u00e5 egne pr\u00e6misser og med ansvar for eget liv.<\/p>\n\n\n\n<p>Bestyrelsen tr\u00e6ffer afg\u00f8relse i samtlige sp\u00f8rgsm\u00e5l vedr\u00f8rende uddelinger, herunder prioritering mellem de forskellige form\u00e5l og indkomne ans\u00f8gninger.<\/p>\n","protected":false},"excerpt":{"rendered":"<p>I forbindelse med opfyldelse af de beskrevne form\u00e5l, kan fonden yde st\u00f8tte til etablering af boformer ud fra den m\u00e5ls\u00e6tning, at det enkelte menneske, uanset livssituation, skal bo og leve p\u00e5 en menneskev\u00e6rdig m\u00e5de og s\u00e5 vidt det overhovedet er muligt, p\u00e5 egne pr\u00e6misser og med ansvar for eget liv. Bestyrelsen tr\u00e6ffer afg\u00f8relse i samtlige&hellip;&nbsp;<a href=\"https:\/\/dofon.dk\/index.php\/ansoegning\/\" class=\"\" rel=\"bookmark\">L\u00e6s mere &raquo;<span class=\"screen-reader-text\">Ans\u00f8gning<\/span><\/a><\/p>\n","protected":false},"author":1,"featured_media":0,"parent":0,"menu_order":0,"comment_status":"closed","ping_status":"closed","template":"","meta":{"neve_meta_sidebar":"","neve_meta_container":"","neve_meta_enable_content_width":"","neve_meta_content_width":0,"neve_meta_title_alignment":"","neve_meta_author_avatar":"","neve_post_elements_order":"","neve_meta_disable_header":"","neve_meta_disable_footer":"","neve_meta_disable_title":"","footnotes":""},"class_list":["post-53","page","type-page","status-publish","hentry"],"_links":{"self":[{"href":"https:\/\/dofon.dk\/index.php\/wp-json\/wp\/v2\/pages\/53","targetHints":{"allow":["GET"]}}],"collection":[{"href":"https:\/\/dofon.dk\/index.php\/wp-json\/wp\/v2\/pages"}],"about":[{"href":"https:\/\/dofon.dk\/index.php\/wp-json\/wp\/v2\/types\/page"}],"author":[{"embeddable":true,"href":"https:\/\/dofon.dk\/index.php\/wp-json\/wp\/v2\/users\/1"}],"replies":[{"embeddable":true,"href":"https:\/\/dofon.dk\/index.php\/wp-json\/wp\/v2\/comments?post=53"}],"version-history":[{"count":1,"href":"https:\/\/dofon.dk\/index.php\/wp-json\/wp\/v2\/pages\/53\/revisions"}],"predecessor-version":[{"id":54,"href":"https:\/\/dofon.dk\/index.php\/wp-json\/wp\/v2\/pages\/53\/revisions\/54"}],"wp:attachment":[{"href":"https:\/\/dofon.dk\/index.php\/wp-json\/wp\/v2\/media?parent=53"}],"curies":[{"name":"wp","href":"https:\/\/api.w.org\/{rel}","templated":true}]}}