{"id":59,"date":"2022-01-03T15:01:01","date_gmt":"2022-01-03T14:01:01","guid":{"rendered":"http:\/\/dofon.arena-it.dk\/?page_id=59"},"modified":"2022-01-03T15:01:01","modified_gmt":"2022-01-03T14:01:01","slug":"ledelse","status":"publish","type":"page","link":"https:\/\/dofon.dk\/index.php\/ledelse\/","title":{"rendered":"Ledelse"},"content":{"rendered":"\n<p>Fonden ledes af en bestyrelse, der er fondens \u00f8verste myndighed. Bestyrelsen best\u00e5r af syv medlemmer. <\/p>\n\n\n\n<p>Bestyrelsen ans\u00e6tter en direkt\u00f8r til varetagelse af fondens daglige drift.<\/p>\n\n\n\n<p><strong>Bestyrelse:<\/strong><\/p>\n\n\n\n<p>Kai Ole Gustav<br>Jens Christian Dalsgaard<br>Birger Villers<br>Finn \u00c6r\u00f8<br>Susanne Barfoed<br>Annita Ancker Lilliebjerg<\/p>\n\n\n\n<p><br><strong>Direkt\u00f8r:<\/strong><\/p>\n\n\n\n<p>Flemming H\u00f8j Jermiin<\/p>\n","protected":false},"excerpt":{"rendered":"<p>Fonden ledes af en bestyrelse, der er fondens \u00f8verste myndighed. Bestyrelsen best\u00e5r af syv medlemmer. Bestyrelsen ans\u00e6tter en direkt\u00f8r til varetagelse af fondens daglige drift. Bestyrelse: Kai Ole GustavJens Christian DalsgaardBirger VillersFinn \u00c6r\u00f8Susanne BarfoedAnnita Ancker Lilliebjerg Direkt\u00f8r: Flemming H\u00f8j Jermiin<\/p>\n","protected":false},"author":1,"featured_media":0,"parent":0,"menu_order":0,"comment_status":"closed","ping_status":"closed","template":"","meta":{"neve_meta_sidebar":"","neve_meta_container":"","neve_meta_enable_content_width":"","neve_meta_content_width":0,"neve_meta_title_alignment":"","neve_meta_author_avatar":"","neve_post_elements_order":"","neve_meta_disable_header":"","neve_meta_disable_footer":"","neve_meta_disable_title":"","footnotes":""},"class_list":["post-59","page","type-page","status-publish","hentry"],"_links":{"self":[{"href":"https:\/\/dofon.dk\/index.php\/wp-json\/wp\/v2\/pages\/59","targetHints":{"allow":["GET"]}}],"collection":[{"href":"https:\/\/dofon.dk\/index.php\/wp-json\/wp\/v2\/pages"}],"about":[{"href":"https:\/\/dofon.dk\/index.php\/wp-json\/wp\/v2\/types\/page"}],"author":[{"embeddable":true,"href":"https:\/\/dofon.dk\/index.php\/wp-json\/wp\/v2\/users\/1"}],"replies":[{"embeddable":true,"href":"https:\/\/dofon.dk\/index.php\/wp-json\/wp\/v2\/comments?post=59"}],"version-history":[{"count":1,"href":"https:\/\/dofon.dk\/index.php\/wp-json\/wp\/v2\/pages\/59\/revisions"}],"predecessor-version":[{"id":60,"href":"https:\/\/dofon.dk\/index.php\/wp-json\/wp\/v2\/pages\/59\/revisions\/60"}],"wp:attachment":[{"href":"https:\/\/dofon.dk\/index.php\/wp-json\/wp\/v2\/media?parent=59"}],"curies":[{"name":"wp","href":"https:\/\/api.w.org\/{rel}","templated":true}]}}