{"id":61,"date":"2022-01-03T15:01:52","date_gmt":"2022-01-03T14:01:52","guid":{"rendered":"http:\/\/dofon.arena-it.dk\/?page_id=61"},"modified":"2022-01-03T15:09:25","modified_gmt":"2022-01-03T14:09:25","slug":"vedtaegter","status":"publish","type":"page","link":"https:\/\/dofon.dk\/index.php\/vedtaegter\/","title":{"rendered":"Vedt\u00e6gter"},"content":{"rendered":"\n<p class=\"has-text-align-center has-medium-font-size\"><strong>V E D T \u00c6 G T E R<\/strong><\/p>\n\n\n\n<p class=\"has-text-align-center has-medium-font-size\">for<\/p>\n\n\n\n<p class=\"has-text-align-center has-medium-font-size\">DORTHEFONDEN<\/p>\n\n\n\n<p>\u00a7 1<\/p>\n\n\n\n<p>Fondens navn<\/p>\n\n\n\n<p>Fondens navn er DORTHEFONDEN.<\/p>\n\n\n\n<p>\u00a7 2<\/p>\n\n\n\n<p>Fondens hjemsted<\/p>\n\n\n\n<p>Fondens hjemsted er R\u00f8dovre kommune.<\/p>\n\n\n\n<p>\u00a7 3<\/p>\n\n\n\n<p>Fondens form\u00e5l<\/p>\n\n\n\n<p>Fondens form\u00e5l er at drive virksomhed med udlejning af fast ejendom, biler, kontormaskiner og plejehjemsudstyr og p\u00e5 baggrund af sine indt\u00e6gter:<\/p>\n\n\n\n<p>\u2022 fortrinsvis at yde st\u00f8tte til Den Selvejende Almene \u00c6ldreboliginstitution Dorthe Marie og lignende institutioner i n\u00e6romr\u00e5det.<br>\u2022 at yde st\u00f8tte til fortsat udvikling af h\u00f8j kvalitet i de metoder, der anvendes ved udf\u00f8relsen af praktisk og personlig bistand i overensstemmelse med Fonden Mariehjemmenes form\u00e5lsbestemmelse samt at virke for, at den virksomhedskultur og de holdninger, der underst\u00f8tter Fonden Mariehjemmenes ideologi, styrkes.<br>\u2022 at yde st\u00f8tte til beboer- og personaleaktiviteter p\u00e5 Den Selvejende Institution Dorthe Mariehjemmet og Den Selvejende Almene \u00c6ldreboliginstitution Dorthe Marie, dog kan stifteren som s\u00e5dan ikke bet\u00e6nkes.<br>\u2022 at yde st\u00f8tte til de \u00f8vrige som selvejende institutioner drevne Mariehjem.<\/p>\n\n\n\n<p>I forbindelse med opfyldelse af dette form\u00e5l kan fonden yde st\u00f8tte til etablering af boformer ud fra den m\u00e5ls\u00e6tning, at det enkelte menneske, uanset livssituation, skal bo og leve p\u00e5 en menneskev\u00e6rdig m\u00e5de og s\u00e5 vidt det overhovedet er muligt, p\u00e5 egne pr\u00e6misser og med ansvar for eget liv.<\/p>\n\n\n\n<p>Bestyrelsen tr\u00e6ffer afg\u00f8relse i samtlige sp\u00f8rgsm\u00e5l vedr\u00f8rende uddelinger, herunder prioritering mellem de forskellige form\u00e5l og indkomne ans\u00f8gninger.<\/p>\n\n\n\n<p>Fonden er erhvervsdrivende.<\/p>\n\n\n\n<p>\u00a7 4<\/p>\n\n\n\n<p>Fondens stiftelse og kapital<\/p>\n\n\n\n<p>Fonden er stiftet af Den Selvejende Institution Dorthe Mariehjemmet, R\u00f8dovre.<\/p>\n\n\n\n<p>Fondens grundkapital udg\u00f8r kr. 12.600.000,-. Grundkapitalen repr\u00e6senterer den bundne kapital.<\/p>\n\n\n\n<p>For fondens \u00f8konomiske forpligtelser h\u00e6fter alene fondens formue.<\/p>\n\n\n\n<p>Fondens overskud efter konsolideringsfradrag tillige med indsamlede bel\u00f8b, modtagne gaver og arv anvendes til opfyldelse af fondens form\u00e5l, medmindre gavegiver\/arvelader har bestemt andet.<\/p>\n\n\n\n<p>Bestyrelsen kan dog tr\u00e6ffe bestemmelse om, at arv, gave og lignende skal till\u00e6gges fondens grundkapital, jfr. i \u00f8vrigt lov om erhvervsdrivende fonde \u00a7 10.<\/p>\n\n\n\n<p>\u00a7 5<\/p>\n\n\n\n<p>Fondens organisation<\/p>\n\n\n\n<p>Fonden ledes af en bestyrelse, der er fondens \u00f8verste myndighed. Bestyrelsen best\u00e5r af syv medlemmer og sammens\u00e6ttes s\u00e5ledes:<\/p>\n\n\n\n<p>Tre medlemmer udpeges af Den Selvejende Institution Dorthe Mariehjemmet. Udpegning finder sted i det \u00e5rlige regnskabsm\u00f8de.<br>Udpegning g\u00e6lder for en 4-\u00e5rig periode. To medlemmer udpeges i lige \u00e5r, 1 medlem udpeges to \u00e5r senere. Genudpegning kan ikke finde sted.<br>Tre medlemmer rekrutteres af den til enhver tid siddende bestyrelse og i overensstemmelse med anbefalingerne i \u201dRegler for god fondsledelse\u201d jfr. \u00c5rsregnskabsloven \u00a7 77a. Medlemmer, rekrutteret af den til enhver tid siddende bestyrelse, sidder for en 4-\u00e5rige periode og kan genudv\u00e6lges en gang og s\u00e5ledes maksimalt sidde for 8 \u00e5r.<br>Bestyrelsen konstituerer sig med formand og n\u00e6stformand.<\/p>\n\n\n\n<p>Bestyrelsen ans\u00e6tter en direkt\u00f8r til varetagelse af fondens daglige drift.<\/p>\n\n\n\n<p>Bestyrelsen har udarbejdet en skriftlig forretningsorden.<\/p>\n\n\n\n<p>Over bestyrelsens forhandlinger f\u00f8res en protokol, hvori bestyrelsen tillige indf\u00f8rer beslutninger og afg\u00f8relser af v\u00e6sentlig interesse for fonden.<\/p>\n\n\n\n<p>M\u00e5tte et medlem af bestyrelsen eller direkt\u00f8ren ikke v\u00e6re enig i bestyrelsens beslutning, har vedkommende ret til at f\u00e5 sin mening indf\u00f8rt i protokollen.<\/p>\n\n\n\n<p>Bestyrelsen afholder m\u00f8de mindst 2 gange om \u00e5ret, hvoraf det ene er regnskabsm\u00f8det, der afholdes i marts m\u00e5ned. Ethvert m\u00f8de skal indkaldes skriftligt af formanden med mindst 14 dages varsel med angivelse af en dagsorden.<\/p>\n\n\n\n<p>Bestyrelsen er beslutningsdygtig, n\u00e5r mindst halvdelen af medlemmerne er til stede. Ved stemmelighed er formandens stemme afg\u00f8rende. Ved formandens forfald er n\u00e6stformandens stemme afg\u00f8rende.<\/p>\n\n\n\n<p>Et medlem af bestyrelsen direkt\u00f8ren, fondsmyndigheden eller Erhvervsstyrelsen kan forlange, at bestyrelsen indkaldes.<\/p>\n\n\n\n<p>\u00a7 6<\/p>\n\n\n\n<p>Vedt\u00e6gts\u00e6ndring<\/p>\n\n\n\n<p>Bestyrelsen kan med \u00e9nstemmighed og under iagttagelse af lov om erhvervsdrivende fondes \u00a7 48 beslutte at \u00e6ndre fondens vedt\u00e6gter<\/p>\n\n\n\n<p>\u00a7 7<\/p>\n\n\n\n<p>Tegningsret<\/p>\n\n\n\n<p>Fonden tegnes af to bestyrelsesmedlemmer i forening, hvoraf \u00e9n skal v\u00e6re formand eller n\u00e6stformand. Fonden kan tillige tegnes af direkt\u00f8ren i forening med et bestyrelsesmedlem, der skal v\u00e6re enten formand eller n\u00e6stformand.<\/p>\n\n\n\n<p>Bestyrelsen kan meddele prokura.<\/p>\n\n\n\n<p>\u00a7 8<\/p>\n\n\n\n<p>Regnskabs\u00e5r<\/p>\n\n\n\n<p>Fondens regnskabs\u00e5r er kalender\u00e5ret. F\u00f8rste regnskabs\u00e5r er dog fra fondens stiftelse til 31. december<\/p>\n\n\n\n<p>\u00c5rsregnskabet udarbejdes i overensstemmelse med den til enhver tid g\u00e6ldende lovgivning og skal revideres af en af bestyrelsen valgt statsautoriseret revisor.<\/p>\n\n\n\n<p>\u00a7 9<\/p>\n\n\n\n<p>Fondens opl\u00f8sning<\/p>\n\n\n\n<p>Beslutning om fondens opl\u00f8sning, herunder sammenl\u00e6gning med en anden fond, kan alene tr\u00e6ffes, s\u00e5fremt samtlige bestyrelsesmedlemmer stemmer herfor, og kan kun ske under iagttagelse af reglen i lov om erhvervsdrivende fonde \u00a7 48.<\/p>\n\n\n\n<p>Ved opl\u00f8sning af fonden skal fondens formue anvendes i overensstemmelse med fondens form\u00e5l.<\/p>\n","protected":false},"excerpt":{"rendered":"<p>V E D T \u00c6 G T E R for DORTHEFONDEN \u00a7 1 Fondens navn Fondens navn er DORTHEFONDEN. \u00a7 2 Fondens hjemsted Fondens hjemsted er R\u00f8dovre kommune. \u00a7 3 Fondens form\u00e5l Fondens form\u00e5l er at drive virksomhed med udlejning af fast ejendom, biler, kontormaskiner og plejehjemsudstyr og p\u00e5 baggrund af sine indt\u00e6gter: \u2022 fortrinsvis&hellip;&nbsp;<a href=\"https:\/\/dofon.dk\/index.php\/vedtaegter\/\" class=\"\" rel=\"bookmark\">L\u00e6s mere &raquo;<span class=\"screen-reader-text\">Vedt\u00e6gter<\/span><\/a><\/p>\n","protected":false},"author":1,"featured_media":0,"parent":0,"menu_order":0,"comment_status":"closed","ping_status":"closed","template":"","meta":{"neve_meta_sidebar":"","neve_meta_container":"","neve_meta_enable_content_width":"","neve_meta_content_width":0,"neve_meta_title_alignment":"","neve_meta_author_avatar":"","neve_post_elements_order":"","neve_meta_disable_header":"","neve_meta_disable_footer":"","neve_meta_disable_title":"on","footnotes":""},"class_list":["post-61","page","type-page","status-publish","hentry"],"_links":{"self":[{"href":"https:\/\/dofon.dk\/index.php\/wp-json\/wp\/v2\/pages\/61","targetHints":{"allow":["GET"]}}],"collection":[{"href":"https:\/\/dofon.dk\/index.php\/wp-json\/wp\/v2\/pages"}],"about":[{"href":"https:\/\/dofon.dk\/index.php\/wp-json\/wp\/v2\/types\/page"}],"author":[{"embeddable":true,"href":"https:\/\/dofon.dk\/index.php\/wp-json\/wp\/v2\/users\/1"}],"replies":[{"embeddable":true,"href":"https:\/\/dofon.dk\/index.php\/wp-json\/wp\/v2\/comments?post=61"}],"version-history":[{"count":2,"href":"https:\/\/dofon.dk\/index.php\/wp-json\/wp\/v2\/pages\/61\/revisions"}],"predecessor-version":[{"id":70,"href":"https:\/\/dofon.dk\/index.php\/wp-json\/wp\/v2\/pages\/61\/revisions\/70"}],"wp:attachment":[{"href":"https:\/\/dofon.dk\/index.php\/wp-json\/wp\/v2\/media?parent=61"}],"curies":[{"name":"wp","href":"https:\/\/api.w.org\/{rel}","templated":true}]}}