{"id":63,"date":"2022-01-03T15:02:48","date_gmt":"2022-01-03T14:02:48","guid":{"rendered":"http:\/\/dofon.arena-it.dk\/?page_id=63"},"modified":"2022-01-03T15:02:49","modified_gmt":"2022-01-03T14:02:49","slug":"fondens-formaal","status":"publish","type":"page","link":"https:\/\/dofon.dk\/index.php\/fondens-formaal\/","title":{"rendered":"Fondens form\u00e5l"},"content":{"rendered":"\n<p>Fondens form\u00e5l er at drive virksomhed med udlejning af fast ejendom, biler, kontormaskiner og plejehjemsudstyr og p\u00e5 baggrund af sine indt\u00e6gter:<\/p>\n\n\n\n<ul class=\"wp-block-list\"><li>fortrinsvis at yde st\u00f8tte til Den Selvejende Almene \u00c6ldreboliginstitution Dorthe Marie og lignende institutioner i n\u00e6romr\u00e5det.<\/li><li>at yde st\u00f8tte til fortsat udvikling af h\u00f8j kvalitet i de metoder, der anvendes ved udf\u00f8relsen af praktisk og personlig bistand i overensstemmelse med Fonden Mariehjemmenes form\u00e5lsbestemmelse samt at virke for, at den virksomhedskultur og de holdninger, der underst\u00f8tter Fonden Mariehjemmenes ideologi, styrkes.<\/li><li>at yde st\u00f8tte til beboer- og personaleaktiviteter p\u00e5 Den Selvejende Institution Dorthe Mariehjemmet og Den Selvejende Almene \u00c6ldreboliginstitution Dorthe Marie, dog kan stifteren som s\u00e5dan ikke bet\u00e6nkes.<\/li><li>at yde st\u00f8tte til de \u00f8vrige som selvejende institutioner drevne Mariehjem.<\/li><\/ul>\n","protected":false},"excerpt":{"rendered":"<p>Fondens form\u00e5l er at drive virksomhed med udlejning af fast ejendom, biler, kontormaskiner og plejehjemsudstyr og p\u00e5 baggrund af sine indt\u00e6gter: fortrinsvis at yde st\u00f8tte til Den Selvejende Almene \u00c6ldreboliginstitution Dorthe Marie og lignende institutioner i n\u00e6romr\u00e5det. at yde st\u00f8tte til fortsat udvikling af h\u00f8j kvalitet i de metoder, der anvendes ved udf\u00f8relsen af praktisk&hellip;&nbsp;<a href=\"https:\/\/dofon.dk\/index.php\/fondens-formaal\/\" class=\"\" rel=\"bookmark\">L\u00e6s mere &raquo;<span class=\"screen-reader-text\">Fondens form\u00e5l<\/span><\/a><\/p>\n","protected":false},"author":1,"featured_media":0,"parent":0,"menu_order":0,"comment_status":"closed","ping_status":"closed","template":"","meta":{"neve_meta_sidebar":"","neve_meta_container":"","neve_meta_enable_content_width":"","neve_meta_content_width":0,"neve_meta_title_alignment":"","neve_meta_author_avatar":"","neve_post_elements_order":"","neve_meta_disable_header":"","neve_meta_disable_footer":"","neve_meta_disable_title":"","footnotes":""},"class_list":["post-63","page","type-page","status-publish","hentry"],"_links":{"self":[{"href":"https:\/\/dofon.dk\/index.php\/wp-json\/wp\/v2\/pages\/63","targetHints":{"allow":["GET"]}}],"collection":[{"href":"https:\/\/dofon.dk\/index.php\/wp-json\/wp\/v2\/pages"}],"about":[{"href":"https:\/\/dofon.dk\/index.php\/wp-json\/wp\/v2\/types\/page"}],"author":[{"embeddable":true,"href":"https:\/\/dofon.dk\/index.php\/wp-json\/wp\/v2\/users\/1"}],"replies":[{"embeddable":true,"href":"https:\/\/dofon.dk\/index.php\/wp-json\/wp\/v2\/comments?post=63"}],"version-history":[{"count":1,"href":"https:\/\/dofon.dk\/index.php\/wp-json\/wp\/v2\/pages\/63\/revisions"}],"predecessor-version":[{"id":64,"href":"https:\/\/dofon.dk\/index.php\/wp-json\/wp\/v2\/pages\/63\/revisions\/64"}],"wp:attachment":[{"href":"https:\/\/dofon.dk\/index.php\/wp-json\/wp\/v2\/media?parent=63"}],"curies":[{"name":"wp","href":"https:\/\/api.w.org\/{rel}","templated":true}]}}