{"id":7,"date":"2022-01-03T14:25:48","date_gmt":"2022-01-03T13:25:48","guid":{"rendered":"http:\/\/dofon.arena-it.dk\/?page_id=7"},"modified":"2022-01-03T14:28:53","modified_gmt":"2022-01-03T13:28:53","slug":"hjem","status":"publish","type":"page","link":"https:\/\/dofon.dk\/","title":{"rendered":"Hjem"},"content":{"rendered":"\n<div style=\"height:40px\" aria-hidden=\"true\" class=\"wp-block-spacer\"><\/div>\n\n\n\n<p>Fondens form\u00e5l er at drive virksomhed med udlejning af fast ejendom, biler, kontormaskiner og plejehjemsudstyr og p\u00e5 baggrund af sine indt\u00e6gter:<\/p>\n\n\n\n<ul class=\"wp-block-list\"><li>fortrinsvis at yde st\u00f8tte til Den Selvejende Almene \u00c6ldreboliginstitution Dorthe Marie og lignende institutioner i n\u00e6romr\u00e5det.<\/li><li>at yde st\u00f8tte til fortsat udvikling af h\u00f8j kvalitet i de metoder, der anvendes ved udf\u00f8relsen af praktisk og personlig bistand i overensstemmelse med Fonden Mariehjemmenes form\u00e5lsbestemmelse samt at virke for, at den virksomhedskultur og de holdninger, der underst\u00f8tter Fonden Mariehjemmenes ideologi, styrkes.<\/li><li>at yde st\u00f8tte til beboer- og personaleaktiviteter p\u00e5 Den Selvejende Institution Dorthe Mariehjemmet og Den Selvejende Almene \u00c6ldreboliginstitution Dorthe Marie, dog kan stifteren som s\u00e5dan ikke bet\u00e6nkes.<\/li><li>at yde st\u00f8tte til de \u00f8vrige som selvejende institutioner drevne Mariehjem.<\/li><\/ul>\n\n\n\n<p>I forbindelse med opfyldelse af dette form\u00e5l kan fonden yde st\u00f8tte til etablering af boformer ud fra den m\u00e5ls\u00e6tning, at det enkelte menneske, uanset livssituation, skal bo og leve p\u00e5 en menneskev\u00e6rdig m\u00e5de og s\u00e5 vidt det overhovedet er muligt, p\u00e5 egne pr\u00e6misser og med ansvar for eget liv.<\/p>\n\n\n\n<p>Bestyrelsen tr\u00e6ffer afg\u00f8relse i samtlige sp\u00f8rgsm\u00e5l vedr\u00f8rende uddelinger, herunder prioritering mellem de forskellige form\u00e5l og indkomne ans\u00f8gninger.<\/p>\n\n\n\n<p>Fonden er erhvervsdrivende.<\/p>\n","protected":false},"excerpt":{"rendered":"<p>Fondens form\u00e5l er at drive virksomhed med udlejning af fast ejendom, biler, kontormaskiner og plejehjemsudstyr og p\u00e5 baggrund af sine indt\u00e6gter: fortrinsvis at yde st\u00f8tte til Den Selvejende Almene \u00c6ldreboliginstitution Dorthe Marie og lignende institutioner i n\u00e6romr\u00e5det. at yde st\u00f8tte til fortsat udvikling af h\u00f8j kvalitet i de metoder, der anvendes ved udf\u00f8relsen af praktisk&hellip;&nbsp;<a href=\"https:\/\/dofon.dk\/\" class=\"\" rel=\"bookmark\">L\u00e6s mere &raquo;<span class=\"screen-reader-text\">Hjem<\/span><\/a><\/p>\n","protected":false},"author":1,"featured_media":0,"parent":0,"menu_order":0,"comment_status":"closed","ping_status":"closed","template":"","meta":{"neve_meta_sidebar":"","neve_meta_container":"","neve_meta_enable_content_width":"on","neve_meta_content_width":100,"neve_meta_title_alignment":"","neve_meta_author_avatar":"","neve_post_elements_order":"","neve_meta_disable_header":"","neve_meta_disable_footer":"","neve_meta_disable_title":"on","footnotes":""},"class_list":["post-7","page","type-page","status-publish","hentry"],"_links":{"self":[{"href":"https:\/\/dofon.dk\/index.php\/wp-json\/wp\/v2\/pages\/7","targetHints":{"allow":["GET"]}}],"collection":[{"href":"https:\/\/dofon.dk\/index.php\/wp-json\/wp\/v2\/pages"}],"about":[{"href":"https:\/\/dofon.dk\/index.php\/wp-json\/wp\/v2\/types\/page"}],"author":[{"embeddable":true,"href":"https:\/\/dofon.dk\/index.php\/wp-json\/wp\/v2\/users\/1"}],"replies":[{"embeddable":true,"href":"https:\/\/dofon.dk\/index.php\/wp-json\/wp\/v2\/comments?post=7"}],"version-history":[{"count":2,"href":"https:\/\/dofon.dk\/index.php\/wp-json\/wp\/v2\/pages\/7\/revisions"}],"predecessor-version":[{"id":27,"href":"https:\/\/dofon.dk\/index.php\/wp-json\/wp\/v2\/pages\/7\/revisions\/27"}],"wp:attachment":[{"href":"https:\/\/dofon.dk\/index.php\/wp-json\/wp\/v2\/media?parent=7"}],"curies":[{"name":"wp","href":"https:\/\/api.w.org\/{rel}","templated":true}]}}